{"id":134,"date":"2023-09-27T20:11:55","date_gmt":"2023-09-27T18:11:55","guid":{"rendered":"https:\/\/maaud.nl\/?page_id=134"},"modified":"2025-11-19T13:15:58","modified_gmt":"2025-11-19T11:15:58","slug":"tarieven","status":"publish","type":"page","link":"https:\/\/maaud.nl\/index.php\/tarieven\/","title":{"rendered":"Tarieven"},"content":{"rendered":"\n<p class=\"has-text-align-center\">Ok\u00e9, eerlijk is eerlijk. Voor niets gaat de zon op, maar jij bent het <strong>waard om te helen <\/strong>toch?!<br>*Vaak treed er al verbetering op na \u00e9\u00e9n sessie. <br>** Aantal sessies \u00e1ltijd in overleg.<br>***Voorkeur naar minimaal 2 sessies: Behandeling &amp; evaluatie\/ optimalisatie.<\/p>\n\n\n\n<hr class=\"wp-block-separator has-alpha-channel-opacity is-style-wide\"\/>\n\n\n\n<p class=\"has-text-align-center has-medium-font-size\"><br><strong>Telefonische kennismaking<\/strong> <strong>max. 30min <\/strong> <strong>GRATIS<\/strong><br><strong>Intake &amp; Sessie  2.5uur       165euro<br>Vervolg<\/strong>  <strong>1.5uur       110 euro<\/strong><br><em>*Bij uitloop wordt er 25 euro per 30min. extra<\/em> in rekening gebracht<br><br><\/p>\n\n\n\n<p><\/p>\n\n\n\n<p><\/p>\n","protected":false},"excerpt":{"rendered":"<p>Ok\u00e9, eerlijk is eerlijk. Voor niets gaat de zon op, maar jij bent het waard om te helen toch?!*Vaak treed er al verbetering op na \u00e9\u00e9n sessie. ** Aantal sessies \u00e1ltijd in overleg.***Voorkeur naar minimaal 2 sessies: Behandeling &amp; evaluatie\/ optimalisatie. Telefonische kennismaking max. 30min GRATISIntake &amp; Sessie 2.5uur 165euroVervolg 1.5uur 110 euro*Bij uitloop wordt&#8230;<\/p>\n","protected":false},"author":1,"featured_media":0,"parent":0,"menu_order":0,"comment_status":"closed","ping_status":"closed","template":"","meta":{"footnotes":""},"class_list":["post-134","page","type-page","status-publish","hentry"],"yoast_head":"<!-- This site is optimized with the Yoast SEO plugin v24.3 - https:\/\/yoast.com\/wordpress\/plugins\/seo\/ -->\n<title>Tarieven - MAAuD - Hypnose &amp; Counseling<\/title>\n<meta name=\"description\" content=\"Ok\u00e9, eerlijk is eerlijk. Voor niets gaat de zon op, maar jij bent het waard om te veranderen toch?! Hier vind je mijn tarieven.\" \/>\n<meta name=\"robots\" content=\"index, follow, max-snippet:-1, max-image-preview:large, max-video-preview:-1\" \/>\n<link rel=\"canonical\" href=\"https:\/\/maaud.nl\/index.php\/tarieven\/\" \/>\n<meta property=\"og:locale\" content=\"nl_NL\" \/>\n<meta property=\"og:type\" content=\"article\" \/>\n<meta property=\"og:title\" content=\"Tarieven - MAAuD - Hypnose &amp; Counseling\" \/>\n<meta property=\"og:description\" content=\"Ok\u00e9, eerlijk is eerlijk. Voor niets gaat de zon op, maar jij bent het waard om te veranderen toch?! Hier vind je mijn tarieven.\" \/>\n<meta property=\"og:url\" content=\"https:\/\/maaud.nl\/index.php\/tarieven\/\" \/>\n<meta property=\"og:site_name\" content=\"MAAuD\" \/>\n<meta property=\"article:modified_time\" content=\"2025-11-19T11:15:58+00:00\" \/>\n<meta property=\"og:image\" content=\"https:\/\/maaud.nl\/wp-content\/uploads\/2023\/04\/Logo-MAAuD-Word-A4.png\" \/>\n\t<meta property=\"og:image:width\" content=\"1000\" \/>\n\t<meta property=\"og:image:height\" content=\"400\" \/>\n\t<meta property=\"og:image:type\" content=\"image\/png\" \/>\n<meta name=\"twitter:card\" content=\"summary_large_image\" \/>\n<meta name=\"twitter:label1\" content=\"Geschatte leestijd\" \/>\n\t<meta name=\"twitter:data1\" content=\"1 minuut\" \/>\n<script type=\"application\/ld+json\" class=\"yoast-schema-graph\">{\"@context\":\"https:\/\/schema.org\",\"@graph\":[{\"@type\":\"WebPage\",\"@id\":\"https:\/\/maaud.nl\/index.php\/tarieven\/\",\"url\":\"https:\/\/maaud.nl\/index.php\/tarieven\/\",\"name\":\"Tarieven - MAAuD - Hypnose & Counseling\",\"isPartOf\":{\"@id\":\"https:\/\/maaud.nl\/#website\"},\"datePublished\":\"2023-09-27T18:11:55+00:00\",\"dateModified\":\"2025-11-19T11:15:58+00:00\",\"description\":\"Ok\u00e9, eerlijk is eerlijk. Voor niets gaat de zon op, maar jij bent het waard om te veranderen toch?! Hier vind je mijn tarieven.\",\"breadcrumb\":{\"@id\":\"https:\/\/maaud.nl\/index.php\/tarieven\/#breadcrumb\"},\"inLanguage\":\"nl-NL\",\"potentialAction\":[{\"@type\":\"ReadAction\",\"target\":[\"https:\/\/maaud.nl\/index.php\/tarieven\/\"]}]},{\"@type\":\"BreadcrumbList\",\"@id\":\"https:\/\/maaud.nl\/index.php\/tarieven\/#breadcrumb\",\"itemListElement\":[{\"@type\":\"ListItem\",\"position\":1,\"name\":\"Home\",\"item\":\"https:\/\/maaud.nl\/\"},{\"@type\":\"ListItem\",\"position\":2,\"name\":\"Tarieven\"}]},{\"@type\":\"WebSite\",\"@id\":\"https:\/\/maaud.nl\/#website\",\"url\":\"https:\/\/maaud.nl\/\",\"name\":\"MAAuD\",\"description\":\"Met Aandacht Anders Doen\",\"publisher\":{\"@id\":\"https:\/\/maaud.nl\/#organization\"},\"alternateName\":\"Met Aandacht Anders Doen\",\"potentialAction\":[{\"@type\":\"SearchAction\",\"target\":{\"@type\":\"EntryPoint\",\"urlTemplate\":\"https:\/\/maaud.nl\/?s={search_term_string}\"},\"query-input\":{\"@type\":\"PropertyValueSpecification\",\"valueRequired\":true,\"valueName\":\"search_term_string\"}}],\"inLanguage\":\"nl-NL\"},{\"@type\":\"Organization\",\"@id\":\"https:\/\/maaud.nl\/#organization\",\"name\":\"MAAuD\",\"alternateName\":\"Met Aandacht Anders Doen\",\"url\":\"https:\/\/maaud.nl\/\",\"logo\":{\"@type\":\"ImageObject\",\"inLanguage\":\"nl-NL\",\"@id\":\"https:\/\/maaud.nl\/#\/schema\/logo\/image\/\",\"url\":\"https:\/\/maaud.nl\/wp-content\/uploads\/2023\/04\/cropped-Logo-MAAuD-Word-A4.png\",\"contentUrl\":\"https:\/\/maaud.nl\/wp-content\/uploads\/2023\/04\/cropped-Logo-MAAuD-Word-A4.png\",\"width\":687,\"height\":268,\"caption\":\"MAAuD\"},\"image\":{\"@id\":\"https:\/\/maaud.nl\/#\/schema\/logo\/image\/\"},\"sameAs\":[\"https:\/\/www.linkedin.com\/in\/maud-heijmans\/\"]}]}<\/script>\n<!-- \/ Yoast SEO plugin. -->","yoast_head_json":{"title":"Tarieven - MAAuD - Hypnose & Counseling","description":"Ok\u00e9, eerlijk is eerlijk. Voor niets gaat de zon op, maar jij bent het waard om te veranderen toch?! Hier vind je mijn tarieven.","robots":{"index":"index","follow":"follow","max-snippet":"max-snippet:-1","max-image-preview":"max-image-preview:large","max-video-preview":"max-video-preview:-1"},"canonical":"https:\/\/maaud.nl\/index.php\/tarieven\/","og_locale":"nl_NL","og_type":"article","og_title":"Tarieven - MAAuD - Hypnose & Counseling","og_description":"Ok\u00e9, eerlijk is eerlijk. Voor niets gaat de zon op, maar jij bent het waard om te veranderen toch?! Hier vind je mijn tarieven.","og_url":"https:\/\/maaud.nl\/index.php\/tarieven\/","og_site_name":"MAAuD","article_modified_time":"2025-11-19T11:15:58+00:00","og_image":[{"width":1000,"height":400,"url":"https:\/\/maaud.nl\/wp-content\/uploads\/2023\/04\/Logo-MAAuD-Word-A4.png","type":"image\/png"}],"twitter_card":"summary_large_image","twitter_misc":{"Geschatte leestijd":"1 minuut"},"schema":{"@context":"https:\/\/schema.org","@graph":[{"@type":"WebPage","@id":"https:\/\/maaud.nl\/index.php\/tarieven\/","url":"https:\/\/maaud.nl\/index.php\/tarieven\/","name":"Tarieven - MAAuD - Hypnose & Counseling","isPartOf":{"@id":"https:\/\/maaud.nl\/#website"},"datePublished":"2023-09-27T18:11:55+00:00","dateModified":"2025-11-19T11:15:58+00:00","description":"Ok\u00e9, eerlijk is eerlijk. Voor niets gaat de zon op, maar jij bent het waard om te veranderen toch?! Hier vind je mijn tarieven.","breadcrumb":{"@id":"https:\/\/maaud.nl\/index.php\/tarieven\/#breadcrumb"},"inLanguage":"nl-NL","potentialAction":[{"@type":"ReadAction","target":["https:\/\/maaud.nl\/index.php\/tarieven\/"]}]},{"@type":"BreadcrumbList","@id":"https:\/\/maaud.nl\/index.php\/tarieven\/#breadcrumb","itemListElement":[{"@type":"ListItem","position":1,"name":"Home","item":"https:\/\/maaud.nl\/"},{"@type":"ListItem","position":2,"name":"Tarieven"}]},{"@type":"WebSite","@id":"https:\/\/maaud.nl\/#website","url":"https:\/\/maaud.nl\/","name":"MAAuD","description":"Met Aandacht Anders Doen","publisher":{"@id":"https:\/\/maaud.nl\/#organization"},"alternateName":"Met Aandacht Anders Doen","potentialAction":[{"@type":"SearchAction","target":{"@type":"EntryPoint","urlTemplate":"https:\/\/maaud.nl\/?s={search_term_string}"},"query-input":{"@type":"PropertyValueSpecification","valueRequired":true,"valueName":"search_term_string"}}],"inLanguage":"nl-NL"},{"@type":"Organization","@id":"https:\/\/maaud.nl\/#organization","name":"MAAuD","alternateName":"Met Aandacht Anders Doen","url":"https:\/\/maaud.nl\/","logo":{"@type":"ImageObject","inLanguage":"nl-NL","@id":"https:\/\/maaud.nl\/#\/schema\/logo\/image\/","url":"https:\/\/maaud.nl\/wp-content\/uploads\/2023\/04\/cropped-Logo-MAAuD-Word-A4.png","contentUrl":"https:\/\/maaud.nl\/wp-content\/uploads\/2023\/04\/cropped-Logo-MAAuD-Word-A4.png","width":687,"height":268,"caption":"MAAuD"},"image":{"@id":"https:\/\/maaud.nl\/#\/schema\/logo\/image\/"},"sameAs":["https:\/\/www.linkedin.com\/in\/maud-heijmans\/"]}]}},"_links":{"self":[{"href":"https:\/\/maaud.nl\/index.php\/wp-json\/wp\/v2\/pages\/134","targetHints":{"allow":["GET"]}}],"collection":[{"href":"https:\/\/maaud.nl\/index.php\/wp-json\/wp\/v2\/pages"}],"about":[{"href":"https:\/\/maaud.nl\/index.php\/wp-json\/wp\/v2\/types\/page"}],"author":[{"embeddable":true,"href":"https:\/\/maaud.nl\/index.php\/wp-json\/wp\/v2\/users\/1"}],"replies":[{"embeddable":true,"href":"https:\/\/maaud.nl\/index.php\/wp-json\/wp\/v2\/comments?post=134"}],"version-history":[{"count":14,"href":"https:\/\/maaud.nl\/index.php\/wp-json\/wp\/v2\/pages\/134\/revisions"}],"predecessor-version":[{"id":326,"href":"https:\/\/maaud.nl\/index.php\/wp-json\/wp\/v2\/pages\/134\/revisions\/326"}],"wp:attachment":[{"href":"https:\/\/maaud.nl\/index.php\/wp-json\/wp\/v2\/media?parent=134"}],"curies":[{"name":"wp","href":"https:\/\/api.w.org\/{rel}","templated":true}]}}